{"id":87,"date":"2021-01-26T09:06:10","date_gmt":"2021-01-26T09:06:10","guid":{"rendered":"https:\/\/www.franquiciaschoicehotels.com.mx\/?page_id=87"},"modified":"2021-02-14T09:32:51","modified_gmt":"2021-02-14T09:32:51","slug":"disclosure-policy","status":"publish","type":"page","link":"https:\/\/www.franquiciaschoicehotels.com.mx\/es_mx\/disclosure-policy\/","title":{"rendered":"Pol\u00edtica de divulgaci\u00f3n"},"content":{"rendered":"<p>En Choice Hotels International, apreciamos y alentamos a los investigadores de seguridad a contactarnos para informar posibles vulnerabilidades identificadas en cualquier producto, sistema o activo que nos pertenezca. En apoyo a esto, establecimos una Pol\u00edtica de divulgaci\u00f3n responsable, tambi\u00e9n llamada Pol\u00edtica de divulgaci\u00f3n de vulnerabilidad. Perfeccionaremos y revisaremos esta pol\u00edtica a medida que avancemos hacia el futuro; no dejes de consultar esta p\u00e1gina para conocer las actualizaciones.<\/p>\n\n\n\n<h2 class=\"wp-block-heading\">Mensaje especial para el investigador de seguridad o comunidad de denunciantes de vulnerabilidad.<\/h2>\n\n\n\n<p>Gracias de antemano por notificarnos sobre posibles deficiencias en nuestra seguridad. Agradecemos a aquellos que se unen a nosotros para rectificar vulnerabilidades que nos ayuden a garantizar el menor impacto y riesgo para nuestras comunidades interesadas. Por lo tanto, ver\u00e1s incluida en nuestra pol\u00edtica una solicitud de ayuda para la soluci\u00f3n de problemas o correcci\u00f3n de esas deficiencias y una solicitud para que compartas tu resoluci\u00f3n propuesta.<\/p>\n\n\n\n<p>No emprenderemos acciones legales ni iniciaremos una queja ante la seguridad p\u00fablica o contra el buscador o investigador que opere de buena fe. Sin embargo, Choice Hotels International se reserva todos los derechos legales en caso de incumplimiento de las Pautas para operar bajo buena fe a continuaci\u00f3n.&nbsp;<em>Pautas para operar bajo buena fe<\/em>&nbsp;that follow.<\/p>\n\n\n\n<h2 class=\"wp-block-heading\">Recompensa<\/h2>\n\n\n\n<p>Toma en cuenta que Choice Hotels International actualmente no ofrece un programa de \u201crecompensas de errores\u201d (bug bounty); por lo tanto, no extendemos ninguna oferta de compensaci\u00f3n o recompensa o reconocimiento p\u00fablico por la presentaci\u00f3n de vulnerabilidades potenciales.<\/p>\n\n\n\n<h2 class=\"wp-block-heading\">Pautas para operar bajo buena fe<\/h2>\n\n\n\n<p>Para promover el descubrimiento y la notificaci\u00f3n de vulnerabilidades, te pedimos lo siguiente:<\/p>\n\n\n\n<ul class=\"wp-block-list\"><li>Ser respetuoso de nuestras aplicaciones existentes; actuar para evitar infracciones a la privacidad, destrucci\u00f3n de datos e interrupci\u00f3n o degradaci\u00f3n de nuestros servicios (incluida la denegaci\u00f3n de servicio)<\/li><li>No acceder ni modificar tus datos o los datos de nuestras partes interesadas<\/li><li>Contactarnos de inmediato si encuentras datos de partes interesadas No consultar, alterar, destruir, guardar, compartir, almacenar, transferir, acceder o de otra manera comprometer los datos, y omite cualquier informaci\u00f3n local cuando nos informes de la vulnerabilidad<\/li><li>Si te encuentra informaci\u00f3n personal (por ejemplo, nombres, direcciones f\u00edsicas, direcciones de correo electr\u00f3nico, n\u00fameros de cuentas de lealtad, identificadores \u00fanicos, n\u00fameros de tarjetas de cr\u00e9dito), det\u00e9n toda actividad y comun\u00edcate inmediatamente con Choice Hotels International.<\/li><li>No generar transacciones financieras fraudulentas<\/li><li>No participar en ninguna actividad que infrinja a) las leyes o regulaciones federales, estatales o internacionales o b) las leyes o regulaciones de cualquier pa\u00eds donde i) residen activos, datos o sistemas, ii) el tr\u00e1fico de datos se enruta, iii) el investigador realiza una actividad de investigaci\u00f3n o iv) donde residen los interesados<\/li><li>Comparte el problema de seguridad o privacidad con nosotros.<\/li><\/ul>\n\n\n\n<h2 class=\"wp-block-heading\">Divulgaci\u00f3n responsable\/proceso de divulgaci\u00f3n de vulnerabilidad: c\u00f3mo enviar una vulnerabilidad<\/h2>\n\n\n\n<p>Para divulgar una posible vulnerabilidad, env\u00eda un correo electr\u00f3nico a los equipos de seguridad de la informaci\u00f3n y privacidad: &nbsp;<a href=\"mailto:responsibledisclosure@choicehotels.com\"><strong>responsibledisclosure@choicehotels.com<\/strong><\/a>.<\/p>\n\n\n\n<h2 class=\"wp-block-heading\">Formato de env\u00edo<\/h2>\n\n\n\n<p>Cuando informes una vulnerabilidad potencial, incluye una descripci\u00f3n detallada de la vulnerabilidad: herramientas utilizadas, destino, procesos y resultados. Para respaldar tus hallazgos, adjunta cualquier m\u00e9todo pertinente que utilizaste para el descubrimiento. Aunque no es necesario para la revisi\u00f3n, validaci\u00f3n o verificaci\u00f3n de la vulnerabilidad, si tienes informaci\u00f3n sobre la soluci\u00f3n de la vulnerabilidad, comparte tu resoluci\u00f3n propuesta.<\/p>\n\n\n\n<h2 class=\"wp-block-heading\">Confirmaci\u00f3n y respuesta<\/h2>\n\n\n\n<p>Cuando el equipo de seguridad de la informaci\u00f3n recibe un informe, enviaremos una confirmaci\u00f3n en respuesta al remitente dentro los cinco d\u00edas h\u00e1biles posteriores. Podr\u00edamos enviar una solicitud de seguimiento para obtener m\u00e1s informaci\u00f3n seg\u00fan sea necesario. Despu\u00e9s de la validaci\u00f3n o verificaci\u00f3n de una vulnerabilidad, enviaremos una respuesta de seguimiento al remitente.<\/p>\n\n\n\n<h2 class=\"wp-block-heading\">Periodo de tiempo<\/h2>\n\n\n\n<p>Choice Hotels International no negociar\u00e1 en respuesta a una amenaza (por ejemplo, no negociaremos bajo amenaza de retenci\u00f3n o amenaza de liberar la vulnerabilidad al p\u00fablico). Dicho esto, dedicamos nuestros recursos a trabajar contigo y te pedimos que nos permitas un tiempo razonable tanto para la validaci\u00f3n y verificaci\u00f3n como para la resoluci\u00f3n de la vulnerabilidad antes de tomar medidas para hacerla p\u00fablica.<\/p>\n\n\n\n<h2 class=\"wp-block-heading\">Informes de vulnerabilidad externa<\/h2>\n\n\n\n<p>Choice Hotels International determinar\u00e1 a discreci\u00f3n si comunica informaci\u00f3n de vulnerabilidad a terceros o a colaboradores.<\/p>\n\n\n\n<h2 class=\"wp-block-heading\">Fuera de alcance<\/h2>\n\n\n\n<p>Lo siguiente est\u00e1 fuera del alcance de la presentaci\u00f3n bajo la Pol\u00edtica de divulgaci\u00f3n responsable. Entre las vulnerabilidades fuera de alcance se incluyen las siguientes:<\/p>\n\n\n\n<ul class=\"wp-block-list\"><li>Ingenier\u00eda social, como intentos de robo de cookies, p\u00e1ginas de inicio de sesi\u00f3n falsas para recopilar credenciales y phishing<\/li><li>Ataques de agotamiento de los recursos<\/li><li>An\u00e1lisis f\u00edsicos<\/li><li>Ataques de denegaci\u00f3n de servicio<\/li><\/ul>\n\n\n\n<p>REV 09\/03\/2019<\/p>","protected":false},"excerpt":{"rendered":"<p>At Choice Hotels International, we appreciate and encourage security researchers to contact us to report potential vulnerabilities identified in any product, system, or asset belonging to us. In support, we have established a Responsible Disclosure Policy, also called a Vulnerability Disclosure Policy.&nbsp; We will mature and revise this policy as we move forward into the [&hellip;]<\/p>","protected":false},"author":1,"featured_media":0,"parent":0,"menu_order":0,"comment_status":"closed","ping_status":"closed","template":"","meta":{"inline_featured_image":false,"footnotes":""},"class_list":["post-87","page","type-page","status-publish","hentry"],"yoast_head":"<!-- This site is optimized with the Yoast SEO plugin v22.2 - https:\/\/yoast.com\/wordpress\/plugins\/seo\/ -->\n<title>Disclosure Policy | Franquicias Choice Hotels<\/title>\n<meta name=\"robots\" content=\"index, follow, max-snippet:-1, max-image-preview:large, max-video-preview:-1\" \/>\n<link rel=\"canonical\" href=\"https:\/\/www.franquiciaschoicehotels.com.mx\/es_mx\/disclosure-policy\/\" \/>\n<meta property=\"og:locale\" content=\"es_MX\" \/>\n<meta property=\"og:type\" content=\"article\" \/>\n<meta property=\"og:title\" content=\"Disclosure Policy | Franquicias Choice Hotels\" \/>\n<meta property=\"og:description\" content=\"At Choice Hotels International, we appreciate and encourage security researchers to contact us to report potential vulnerabilities identified in any product, system, or asset belonging to us. In support, we have established a Responsible Disclosure Policy, also called a Vulnerability Disclosure Policy.&nbsp; We will mature and revise this policy as we move forward into the [&hellip;]\" \/>\n<meta property=\"og:url\" content=\"https:\/\/www.franquiciaschoicehotels.com.mx\/es_mx\/disclosure-policy\/\" \/>\n<meta property=\"og:site_name\" content=\"Franquicias Choice Hotels\" \/>\n<meta property=\"article:publisher\" content=\"https:\/\/www.facebook.com\/ChoiceHotelsLatam\" \/>\n<meta property=\"article:modified_time\" content=\"2021-02-14T09:32:51+00:00\" \/>\n<meta name=\"twitter:card\" content=\"summary_large_image\" \/>\n<meta name=\"twitter:label1\" content=\"Tiempo de lectura\" \/>\n\t<meta name=\"twitter:data1\" content=\"3 minutos\" \/>\n<script type=\"application\/ld+json\" class=\"yoast-schema-graph\">{\"@context\":\"https:\/\/schema.org\",\"@graph\":[{\"@type\":\"WebPage\",\"@id\":\"https:\/\/www.franquiciaschoicehotels.com.mx\/disclosure-policy\/\",\"url\":\"https:\/\/www.franquiciaschoicehotels.com.mx\/disclosure-policy\/\",\"name\":\"Disclosure Policy | Franquicias Choice Hotels\",\"isPartOf\":{\"@id\":\"https:\/\/www.franquiciaschoicehotels.com.mx\/#website\"},\"datePublished\":\"2021-01-26T09:06:10+00:00\",\"dateModified\":\"2021-02-14T09:32:51+00:00\",\"breadcrumb\":{\"@id\":\"https:\/\/www.franquiciaschoicehotels.com.mx\/disclosure-policy\/#breadcrumb\"},\"inLanguage\":\"es\",\"potentialAction\":[{\"@type\":\"ReadAction\",\"target\":[\"https:\/\/www.franquiciaschoicehotels.com.mx\/disclosure-policy\/\"]}]},{\"@type\":\"BreadcrumbList\",\"@id\":\"https:\/\/www.franquiciaschoicehotels.com.mx\/disclosure-policy\/#breadcrumb\",\"itemListElement\":[{\"@type\":\"ListItem\",\"position\":1,\"name\":\"Home\",\"item\":\"https:\/\/www.franquiciaschoicehotels.com.mx\/en_us\/\"},{\"@type\":\"ListItem\",\"position\":2,\"name\":\"Disclosure Policy\"}]},{\"@type\":\"WebSite\",\"@id\":\"https:\/\/www.franquiciaschoicehotels.com.mx\/#website\",\"url\":\"https:\/\/www.franquiciaschoicehotels.com.mx\/\",\"name\":\"Franquicias Choice Hotels\",\"description\":\"Choice Hotels Franchise Opportunities\",\"publisher\":{\"@id\":\"https:\/\/www.franquiciaschoicehotels.com.mx\/#organization\"},\"potentialAction\":[{\"@type\":\"SearchAction\",\"target\":{\"@type\":\"EntryPoint\",\"urlTemplate\":\"https:\/\/www.franquiciaschoicehotels.com.mx\/?s={search_term_string}\"},\"query-input\":\"required name=search_term_string\"}],\"inLanguage\":\"es\"},{\"@type\":\"Organization\",\"@id\":\"https:\/\/www.franquiciaschoicehotels.com.mx\/#organization\",\"name\":\"Choice Hotels Franquicias\",\"url\":\"https:\/\/www.franquiciaschoicehotels.com.mx\/\",\"logo\":{\"@type\":\"ImageObject\",\"inLanguage\":\"es\",\"@id\":\"https:\/\/www.franquiciaschoicehotels.com.mx\/#\/schema\/logo\/image\/\",\"url\":\"https:\/\/www.franquiciaschoicehotels.com.mx\/wp-content\/uploads\/2021\/01\/CH-CALA.png\",\"contentUrl\":\"https:\/\/www.franquiciaschoicehotels.com.mx\/wp-content\/uploads\/2021\/01\/CH-CALA.png\",\"width\":792,\"height\":255,\"caption\":\"Choice Hotels Franquicias\"},\"image\":{\"@id\":\"https:\/\/www.franquiciaschoicehotels.com.mx\/#\/schema\/logo\/image\/\"},\"sameAs\":[\"https:\/\/www.facebook.com\/ChoiceHotelsLatam\",\"https:\/\/www.instagram.com\/choicehotels.latam\"]}]}<\/script>\n<!-- \/ Yoast SEO plugin. -->","yoast_head_json":{"title":"Disclosure Policy | Franquicias Choice Hotels","robots":{"index":"index","follow":"follow","max-snippet":"max-snippet:-1","max-image-preview":"max-image-preview:large","max-video-preview":"max-video-preview:-1"},"canonical":"https:\/\/www.franquiciaschoicehotels.com.mx\/es_mx\/disclosure-policy\/","og_locale":"es_MX","og_type":"article","og_title":"Disclosure Policy | Franquicias Choice Hotels","og_description":"At Choice Hotels International, we appreciate and encourage security researchers to contact us to report potential vulnerabilities identified in any product, system, or asset belonging to us. In support, we have established a Responsible Disclosure Policy, also called a Vulnerability Disclosure Policy.&nbsp; We will mature and revise this policy as we move forward into the [&hellip;]","og_url":"https:\/\/www.franquiciaschoicehotels.com.mx\/es_mx\/disclosure-policy\/","og_site_name":"Franquicias Choice Hotels","article_publisher":"https:\/\/www.facebook.com\/ChoiceHotelsLatam","article_modified_time":"2021-02-14T09:32:51+00:00","twitter_card":"summary_large_image","twitter_misc":{"Tiempo de lectura":"3 minutos"},"schema":{"@context":"https:\/\/schema.org","@graph":[{"@type":"WebPage","@id":"https:\/\/www.franquiciaschoicehotels.com.mx\/disclosure-policy\/","url":"https:\/\/www.franquiciaschoicehotels.com.mx\/disclosure-policy\/","name":"Disclosure Policy | Franquicias Choice Hotels","isPartOf":{"@id":"https:\/\/www.franquiciaschoicehotels.com.mx\/#website"},"datePublished":"2021-01-26T09:06:10+00:00","dateModified":"2021-02-14T09:32:51+00:00","breadcrumb":{"@id":"https:\/\/www.franquiciaschoicehotels.com.mx\/disclosure-policy\/#breadcrumb"},"inLanguage":"es","potentialAction":[{"@type":"ReadAction","target":["https:\/\/www.franquiciaschoicehotels.com.mx\/disclosure-policy\/"]}]},{"@type":"BreadcrumbList","@id":"https:\/\/www.franquiciaschoicehotels.com.mx\/disclosure-policy\/#breadcrumb","itemListElement":[{"@type":"ListItem","position":1,"name":"Home","item":"https:\/\/www.franquiciaschoicehotels.com.mx\/en_us\/"},{"@type":"ListItem","position":2,"name":"Disclosure Policy"}]},{"@type":"WebSite","@id":"https:\/\/www.franquiciaschoicehotels.com.mx\/#website","url":"https:\/\/www.franquiciaschoicehotels.com.mx\/","name":"Franquicias Choice Hotels","description":"Choice Hotels Franchise Opportunities","publisher":{"@id":"https:\/\/www.franquiciaschoicehotels.com.mx\/#organization"},"potentialAction":[{"@type":"SearchAction","target":{"@type":"EntryPoint","urlTemplate":"https:\/\/www.franquiciaschoicehotels.com.mx\/?s={search_term_string}"},"query-input":"required name=search_term_string"}],"inLanguage":"es"},{"@type":"Organization","@id":"https:\/\/www.franquiciaschoicehotels.com.mx\/#organization","name":"Choice Hotels Franquicias","url":"https:\/\/www.franquiciaschoicehotels.com.mx\/","logo":{"@type":"ImageObject","inLanguage":"es","@id":"https:\/\/www.franquiciaschoicehotels.com.mx\/#\/schema\/logo\/image\/","url":"https:\/\/www.franquiciaschoicehotels.com.mx\/wp-content\/uploads\/2021\/01\/CH-CALA.png","contentUrl":"https:\/\/www.franquiciaschoicehotels.com.mx\/wp-content\/uploads\/2021\/01\/CH-CALA.png","width":792,"height":255,"caption":"Choice Hotels Franquicias"},"image":{"@id":"https:\/\/www.franquiciaschoicehotels.com.mx\/#\/schema\/logo\/image\/"},"sameAs":["https:\/\/www.facebook.com\/ChoiceHotelsLatam","https:\/\/www.instagram.com\/choicehotels.latam"]}]}},"_links":{"self":[{"href":"https:\/\/www.franquiciaschoicehotels.com.mx\/es_mx\/wp-json\/wp\/v2\/pages\/87","targetHints":{"allow":["GET"]}}],"collection":[{"href":"https:\/\/www.franquiciaschoicehotels.com.mx\/es_mx\/wp-json\/wp\/v2\/pages"}],"about":[{"href":"https:\/\/www.franquiciaschoicehotels.com.mx\/es_mx\/wp-json\/wp\/v2\/types\/page"}],"author":[{"embeddable":true,"href":"https:\/\/www.franquiciaschoicehotels.com.mx\/es_mx\/wp-json\/wp\/v2\/users\/1"}],"replies":[{"embeddable":true,"href":"https:\/\/www.franquiciaschoicehotels.com.mx\/es_mx\/wp-json\/wp\/v2\/comments?post=87"}],"version-history":[{"count":2,"href":"https:\/\/www.franquiciaschoicehotels.com.mx\/es_mx\/wp-json\/wp\/v2\/pages\/87\/revisions"}],"predecessor-version":[{"id":1954,"href":"https:\/\/www.franquiciaschoicehotels.com.mx\/es_mx\/wp-json\/wp\/v2\/pages\/87\/revisions\/1954"}],"wp:attachment":[{"href":"https:\/\/www.franquiciaschoicehotels.com.mx\/es_mx\/wp-json\/wp\/v2\/media?parent=87"}],"curies":[{"name":"wp","href":"https:\/\/api.w.org\/{rel}","templated":true}]}}